{"id":662,"date":"2023-08-24T11:12:51","date_gmt":"2023-08-24T08:12:51","guid":{"rendered":"https:\/\/restoranpurpur.ee\/kontakt\/"},"modified":"2026-03-25T10:05:28","modified_gmt":"2026-03-25T08:05:28","slug":"contakt","status":"publish","type":"page","link":"https:\/\/restoranpurpur.ee\/en\/contakt\/","title":{"rendered":"Contact"},"content":{"rendered":"","protected":false},"excerpt":{"rendered":"","protected":false},"author":1,"featured_media":663,"parent":0,"menu_order":15,"comment_status":"closed","ping_status":"closed","template":"","meta":{"_acf_changed":false,"_seopress_robots_primary_cat":"","_seopress_titles_title":"Purpur is a cozy restaurant in P\u00e4rnu in Tervise Paradiis","_seopress_titles_desc":"Side 14, P\u00e4rnu. If you are looking for food experiences and a pleasant atmosphere in P\u00e4rnu, Purpur is definitely a restaurant you should visit.","_seopress_robots_index":"","footnotes":""},"class_list":["post-662","page","type-page","status-publish","has-post-thumbnail","hentry"],"acf":[],"publishpress_future_action":{"enabled":false,"date":"2026-04-16 04:18:34","action":"change-status","newStatus":"draft","terms":[],"taxonomy":"translation_priority","extraData":[]},"publishpress_future_workflow_manual_trigger":{"enabledWorkflows":[]},"_links":{"self":[{"href":"https:\/\/restoranpurpur.ee\/en\/wp-json\/wp\/v2\/pages\/662","targetHints":{"allow":["GET"]}}],"collection":[{"href":"https:\/\/restoranpurpur.ee\/en\/wp-json\/wp\/v2\/pages"}],"about":[{"href":"https:\/\/restoranpurpur.ee\/en\/wp-json\/wp\/v2\/types\/page"}],"author":[{"embeddable":true,"href":"https:\/\/restoranpurpur.ee\/en\/wp-json\/wp\/v2\/users\/1"}],"replies":[{"embeddable":true,"href":"https:\/\/restoranpurpur.ee\/en\/wp-json\/wp\/v2\/comments?post=662"}],"version-history":[{"count":8,"href":"https:\/\/restoranpurpur.ee\/en\/wp-json\/wp\/v2\/pages\/662\/revisions"}],"predecessor-version":[{"id":2008,"href":"https:\/\/restoranpurpur.ee\/en\/wp-json\/wp\/v2\/pages\/662\/revisions\/2008"}],"wp:featuredmedia":[{"embeddable":true,"href":"https:\/\/restoranpurpur.ee\/en\/wp-json\/wp\/v2\/media\/663"}],"wp:attachment":[{"href":"https:\/\/restoranpurpur.ee\/en\/wp-json\/wp\/v2\/media?parent=662"}],"curies":[{"name":"wp","href":"https:\/\/api.w.org\/{rel}","templated":true}]}}