{"id":340,"date":"2023-08-24T11:12:44","date_gmt":"2023-08-24T08:12:44","guid":{"rendered":"https:\/\/restoranpurpur.ee\/kinkekaart\/"},"modified":"2026-02-04T10:09:56","modified_gmt":"2026-02-04T08:09:56","slug":"lahjakortti","status":"publish","type":"page","link":"https:\/\/restoranpurpur.ee\/fi\/lahjakortti\/","title":{"rendered":"Lahjakortti"},"content":{"rendered":"\n<h2 class=\"wp-block-heading\"><strong><strong><strong>Lahjoita vaikka itsellesi<\/strong><\/strong><\/strong><\/h2>\n\n\n\n<p>Etsitk\u00f6 t\u00e4ydellist\u00e4 lahjaa kulinaristille? Meid\u00e4n lahjakorttimme on juuri se, mit\u00e4 tarvitset! Lahjakortti on ihanteellinen tapa lahjoittaa l\u00e4heiselle mieliinpainuva ilta t\u00e4ynn\u00e4 makuel\u00e4myksi\u00e4 ja kulinaarisia nautintoja.<\/p>\n\n\n\n<p>Lahjakorttivalikoimassamme on eri arvoisia kortteja, jotta voisit valita juuri sopivan lahjan. Se tekee lahjan antamisesta helppoa ja tarjoaa mahdollisuuden nauttia ravintolamme j\u00e4nnitt\u00e4v\u00e4st\u00e4 ruokalistasta ja erinomaisesta palvelusta. <\/p>\n\n\n\n<p>Yll\u00e4t\u00e4 rakkaimpasi ja tee heid\u00e4n p\u00e4iv\u00e4st\u00e4\u00e4n erityinen lahjakortillamme.<\/p>\n\n\n\n<div style=\"height:1px\" aria-hidden=\"true\" class=\"wp-block-spacer\"><\/div>\n\n\n\n<div class=\"button-wrap right disable-drag has-animation animated\" data-delay=\"350\" style=\"opacity: 1; transform: translate3d(0px, 0px, 0px);\">\n<div class=\"icon-wrap\">\n<div class=\"button-icon\">\n<i class=\"fa fa-angle-right\"><\/i>\n<\/div>\n<\/div>\n<a target=\"_blank\" href=\"https:\/\/giftcard.terviseparadiis.ee\/\" rel=\"noopener\"><div class=\"button-text sticky right\"><span data-hover=\"Lahjakortin voit ostaa k\u00e4tev\u00e4sti t\u00e4st\u00e4\">Lahjakortin voit ostaa k\u00e4tev\u00e4sti t\u00e4st\u00e4<\/span><\/div><\/a> \n<\/div>\n","protected":false},"excerpt":{"rendered":"<p>Lahjoita vaikka itsellesi Etsitk\u00f6 t\u00e4ydellist\u00e4 lahjaa kulinaristille? Meid\u00e4n lahjakorttimme on juuri se, mit\u00e4 tarvitset! Lahjakortti on ihanteellinen tapa lahjoittaa l\u00e4heiselle mieliinpainuva ilta t\u00e4ynn\u00e4 makuel\u00e4myksi\u00e4 ja kulinaarisia nautintoja. Lahjakorttivalikoimassamme on eri arvoisia kortteja, jotta voisit valita juuri sopivan lahjan. Se tekee lahjan antamisesta helppoa ja tarjoaa mahdollisuuden nauttia ravintolamme j\u00e4nnitt\u00e4v\u00e4st\u00e4 ruokalistasta ja erinomaisesta palvelusta. Yll\u00e4t\u00e4 rakkaimpasi [&hellip;]<\/p>\n","protected":false},"author":1,"featured_media":284,"parent":0,"menu_order":14,"comment_status":"closed","ping_status":"closed","template":"","meta":{"_acf_changed":false,"_seopress_robots_primary_cat":"","_seopress_titles_title":"%%post_title%% %%sep%% %%sitetitle%%","_seopress_titles_desc":"Lahjoita vaikka itsellesi Etsitk\u00f6 t\u00e4ydellist\u00e4 lahjaa kulinaristille? Meid\u00e4n lahjakorttimme on juuri se, mit\u00e4 tarvitset!","_seopress_robots_index":"","footnotes":""},"class_list":["post-340","page","type-page","status-publish","has-post-thumbnail","hentry"],"acf":[],"publishpress_future_action":{"enabled":false,"date":"2026-04-16 02:57:56","action":"change-status","newStatus":"draft","terms":[],"taxonomy":"translation_priority","extraData":[]},"publishpress_future_workflow_manual_trigger":{"enabledWorkflows":[]},"_links":{"self":[{"href":"https:\/\/restoranpurpur.ee\/fi\/wp-json\/wp\/v2\/pages\/340","targetHints":{"allow":["GET"]}}],"collection":[{"href":"https:\/\/restoranpurpur.ee\/fi\/wp-json\/wp\/v2\/pages"}],"about":[{"href":"https:\/\/restoranpurpur.ee\/fi\/wp-json\/wp\/v2\/types\/page"}],"author":[{"embeddable":true,"href":"https:\/\/restoranpurpur.ee\/fi\/wp-json\/wp\/v2\/users\/1"}],"replies":[{"embeddable":true,"href":"https:\/\/restoranpurpur.ee\/fi\/wp-json\/wp\/v2\/comments?post=340"}],"version-history":[{"count":5,"href":"https:\/\/restoranpurpur.ee\/fi\/wp-json\/wp\/v2\/pages\/340\/revisions"}],"predecessor-version":[{"id":1991,"href":"https:\/\/restoranpurpur.ee\/fi\/wp-json\/wp\/v2\/pages\/340\/revisions\/1991"}],"wp:featuredmedia":[{"embeddable":true,"href":"https:\/\/restoranpurpur.ee\/fi\/wp-json\/wp\/v2\/media\/284"}],"wp:attachment":[{"href":"https:\/\/restoranpurpur.ee\/fi\/wp-json\/wp\/v2\/media?parent=340"}],"curies":[{"name":"wp","href":"https:\/\/api.w.org\/{rel}","templated":true}]}}