{"id":344,"date":"2023-08-24T11:12:51","date_gmt":"2023-08-24T08:12:51","guid":{"rendered":"https:\/\/restoranpurpur.ee\/kontakt\/"},"modified":"2026-03-25T10:05:55","modified_gmt":"2026-03-25T08:05:55","slug":"yhteistiedot","status":"publish","type":"page","link":"https:\/\/restoranpurpur.ee\/fi\/yhteistiedot\/","title":{"rendered":"Yhteistiedot"},"content":{"rendered":"","protected":false},"excerpt":{"rendered":"","protected":false},"author":1,"featured_media":294,"parent":0,"menu_order":15,"comment_status":"closed","ping_status":"closed","template":"","meta":{"_acf_changed":false,"_seopress_robots_primary_cat":"","_seopress_titles_title":"Purpur on \u00e0 la carte -ravintola P\u00e4rnussa, Tervise Paradiisissa","_seopress_titles_desc":"Side 14, P\u00e4rnu. Purpur on viihtyis\u00e4 \u00e0 la carte -ravintola, joka sijaitsee meren rannalla P\u00e4rnun kylpyl\u00e4kaupungissa, Tervise Paradiisin spa-hotellissa.","_seopress_robots_index":"","footnotes":""},"class_list":["post-344","page","type-page","status-publish","has-post-thumbnail","hentry"],"acf":[],"publishpress_future_action":{"enabled":false,"date":"2026-04-16 04:16:58","action":"change-status","newStatus":"draft","terms":[],"taxonomy":"translation_priority","extraData":[]},"publishpress_future_workflow_manual_trigger":{"enabledWorkflows":[]},"_links":{"self":[{"href":"https:\/\/restoranpurpur.ee\/fi\/wp-json\/wp\/v2\/pages\/344","targetHints":{"allow":["GET"]}}],"collection":[{"href":"https:\/\/restoranpurpur.ee\/fi\/wp-json\/wp\/v2\/pages"}],"about":[{"href":"https:\/\/restoranpurpur.ee\/fi\/wp-json\/wp\/v2\/types\/page"}],"author":[{"embeddable":true,"href":"https:\/\/restoranpurpur.ee\/fi\/wp-json\/wp\/v2\/users\/1"}],"replies":[{"embeddable":true,"href":"https:\/\/restoranpurpur.ee\/fi\/wp-json\/wp\/v2\/comments?post=344"}],"version-history":[{"count":6,"href":"https:\/\/restoranpurpur.ee\/fi\/wp-json\/wp\/v2\/pages\/344\/revisions"}],"predecessor-version":[{"id":2009,"href":"https:\/\/restoranpurpur.ee\/fi\/wp-json\/wp\/v2\/pages\/344\/revisions\/2009"}],"wp:featuredmedia":[{"embeddable":true,"href":"https:\/\/restoranpurpur.ee\/fi\/wp-json\/wp\/v2\/media\/294"}],"wp:attachment":[{"href":"https:\/\/restoranpurpur.ee\/fi\/wp-json\/wp\/v2\/media?parent=344"}],"curies":[{"name":"wp","href":"https:\/\/api.w.org\/{rel}","templated":true}]}}