{"id":348,"date":"2023-08-24T11:12:37","date_gmt":"2023-08-24T08:12:37","guid":{"rendered":"https:\/\/restoranpurpur.ee\/menuu\/"},"modified":"2025-06-17T11:25:01","modified_gmt":"2025-06-17T08:25:01","slug":"ruokalista","status":"publish","type":"page","link":"https:\/\/restoranpurpur.ee\/fi\/ruokalista\/","title":{"rendered":"Ruokalista"},"content":{"rendered":"\n<h2 class=\"wp-block-heading\">Uudistettu ja t\u00e4ydennetty ruokalistamme houkuttelee kokeilemaan<\/h2>\n\n\n\n<div class=\"wp-block-columns is-layout-flex wp-container-core-columns-is-layout-9d6595d7 wp-block-columns-is-layout-flex\">\n<div class=\"wp-block-column is-layout-flow wp-block-column-is-layout-flow\" style=\"flex-basis:33.33%\"><\/div>\n\n\n\n<div class=\"wp-block-column is-layout-flow wp-block-column-is-layout-flow\" style=\"flex-basis:66.66%\">\n<p>Keitti\u00f6mestarimme viimeistelem\u00e4 ruokalista on valmis! Purpurin ruokalista on monipuolinen ja tarjoaa jotain jokaiseen makuun. Se on matka sinun makuaisteihisi. Jokaisen ruoan rinnalle tarjoamme siihen sopivan juomavaihtoehdon, jotta makuel\u00e4myksesi olisi t\u00e4ydellinen.<\/p>\n\n\n\n<p><strong>Se on matka makujen el\u00e4myksiin. <\/strong><\/p>\n\n\n\n<p>Ravintolan keitti\u00f6mestari kiinnitt\u00e4\u00e4 suurta huomiota tuoreisiin ja laadukkaisiin raaka-aineisiin. H\u00e4n arvostaa puhtaita makuja ja pyrkii tuomaan raaka-aineista esille sen parhaat ominaisuudet, samalla ruoan oman luonnollisen luonteen s\u00e4ilytt\u00e4en. Keitti\u00f6mestari seuraa huolellisesti kauden ruoka-aineita ja k\u00e4ytt\u00e4\u00e4 niit\u00e4 luovasti ainutlaatuisia makuel\u00e4myksi\u00e4 tarjotakseen.<\/p>\n<\/div>\n<\/div>\n\n\n\n<div style=\"height:100px\" aria-hidden=\"true\" class=\"wp-block-spacer\"><\/div>\n\n\n\n<figure class=\"wp-block-image size-full\"><img alt=\"\" decoding=\"async\" src=\"https:\/\/restoranpurpur.ee\/wp-content\/uploads\/2023\/08\/menyy-cover.jpg\" alt=\"\" class=\"wp-image-102\"\/><\/figure>\n","protected":false},"excerpt":{"rendered":"<p>L\u00f6yd\u00e4 ja nauti<\/p>\n","protected":false},"author":1,"featured_media":299,"parent":0,"menu_order":20,"comment_status":"closed","ping_status":"closed","template":"template-menu.php","meta":{"_acf_changed":false,"_seopress_robots_primary_cat":"","_seopress_titles_title":"Ravintola Purpurin ruokalista","_seopress_titles_desc":"Purpurin ruokalista on monipuolinen ja tarjoaa jotain jokaiseen makuun. Se on matka sinun makuaisteihisi.","_seopress_robots_index":"","footnotes":""},"class_list":["post-348","page","type-page","status-publish","has-post-thumbnail","hentry"],"acf":[],"publishpress_future_action":{"enabled":false,"date":"2026-04-16 02:40:11","action":"change-status","newStatus":"draft","terms":[],"taxonomy":"translation_priority","extraData":[]},"publishpress_future_workflow_manual_trigger":{"enabledWorkflows":[]},"_links":{"self":[{"href":"https:\/\/restoranpurpur.ee\/fi\/wp-json\/wp\/v2\/pages\/348","targetHints":{"allow":["GET"]}}],"collection":[{"href":"https:\/\/restoranpurpur.ee\/fi\/wp-json\/wp\/v2\/pages"}],"about":[{"href":"https:\/\/restoranpurpur.ee\/fi\/wp-json\/wp\/v2\/types\/page"}],"author":[{"embeddable":true,"href":"https:\/\/restoranpurpur.ee\/fi\/wp-json\/wp\/v2\/users\/1"}],"replies":[{"embeddable":true,"href":"https:\/\/restoranpurpur.ee\/fi\/wp-json\/wp\/v2\/comments?post=348"}],"version-history":[{"count":12,"href":"https:\/\/restoranpurpur.ee\/fi\/wp-json\/wp\/v2\/pages\/348\/revisions"}],"predecessor-version":[{"id":1871,"href":"https:\/\/restoranpurpur.ee\/fi\/wp-json\/wp\/v2\/pages\/348\/revisions\/1871"}],"wp:featuredmedia":[{"embeddable":true,"href":"https:\/\/restoranpurpur.ee\/fi\/wp-json\/wp\/v2\/media\/299"}],"wp:attachment":[{"href":"https:\/\/restoranpurpur.ee\/fi\/wp-json\/wp\/v2\/media?parent=348"}],"curies":[{"name":"wp","href":"https:\/\/api.w.org\/{rel}","templated":true}]}}