{"id":356,"date":"2023-08-24T11:12:23","date_gmt":"2023-08-24T08:12:23","guid":{"rendered":"https:\/\/restoranpurpur.ee\/tutvustus\/"},"modified":"2025-06-17T11:35:18","modified_gmt":"2025-06-17T08:35:18","slug":"purpur","status":"publish","type":"page","link":"https:\/\/restoranpurpur.ee\/fi\/purpur\/","title":{"rendered":"Purpur"},"content":{"rendered":"\n<h2 class=\"wp-block-heading\"><strong>Purppura on kuninkaallinen v\u00e4ri.<br>Se on vallan, kyllyyden ja dekadenssin v\u00e4ri. <\/strong><br><strong>Se on lihan ja viini v\u00e4ri.<\/strong><\/h2>\n\n\n\n<div class=\"wp-block-columns is-layout-flex wp-container-core-columns-is-layout-9d6595d7 wp-block-columns-is-layout-flex\">\n<div class=\"wp-block-column is-layout-flow wp-block-column-is-layout-flow\" style=\"flex-basis:33.33%\"><\/div>\n\n\n\n<div class=\"wp-block-column is-layout-flow wp-block-column-is-layout-flow\" style=\"flex-basis:66.66%\">\n<p>Purpur on viihtyis\u00e4 \u00e0 la carte -ravintola, joka sijaitsee meren rannalla P\u00e4rnun kylpyl\u00e4kaupungissa, Tervise Paradiisin nelj\u00e4n t\u00e4hden spa-hotellissa. Ravintola tarjoaa upean kulinaristisen kokemuksen ja unohtumattomia makuel\u00e4myksi\u00e4. <\/p>\n\n\n\n<p>Purpurin viihtyisyys ja tyylik\u00e4s ilmapiiri sek\u00e4 kiistattomasti P\u00e4rnun paras n\u00e4k\u00f6ala merelle luovat miellytt\u00e4v\u00e4n ilmapiirin romanttiselle illalliselle tai hauskaan yhdess\u00e4oloon yst\u00e4vien kanssa. Kes\u00e4isin on avoinna my\u00f6s ravintolan ulkoterassi, jossa voi nauttia merin\u00e4k\u00f6alasta ja l\u00e4mpimist\u00e4 kes\u00e4illoista. <\/p>\n\n\n\n<p>Ravintolan ammattitaitoinen palvelu ja korkea laatu ovat tehneet siit\u00e4 P\u00e4rnussa arvostetun ravintolan. Ravintola on palvellut niin paikallisia kuin kansainv\u00e4lisi\u00e4kin seurueita ja on saanut runsaasti kehuja sek\u00e4 ruoan ett\u00e4 palvelun suhteen.<\/p>\n\n\n\n<p>Ravintolassa on 50 istumapaikkaa.<\/p>\n\n\n\n<div>\n<div class=\"button-wrap right disable-drag has-animation\" data-delay=\"350\">\n<div class=\"icon-wrap \">\n<div class=\"button-icon \">\n<i class=\"fa fa-angle-right\"><\/i>\n<\/div>\n<\/div>\n<a href=\"https:\/\/restoranpurpur.ee\/fi\/ruokalista\/\"><div class=\"button-text sticky right\"><span data-hover=\"Katso ruokalistaa\">Katso ruokalistaa<\/span><\/div><\/a> \n<\/div>                                 \n<\/div>\n<\/div>\n<\/div>\n\n\n\n<div style=\"height:100px\" aria-hidden=\"true\" class=\"wp-block-spacer\"><\/div>\n\n\n\n<figure class=\"wp-block-image size-full\"><img alt=\"\" decoding=\"async\" src=\"http:\/\/restoranpurpur.ee\/wp-content\/uploads\/2023\/08\/Purpur.jpg\" alt=\"\" class=\"wp-image-60\" style=\"object-fit:cover\"\/><\/figure>\n\n\n\n<div style=\"height:100px\" aria-hidden=\"true\" class=\"wp-block-spacer\"><\/div>\n\n\n\n<h2 class=\"wp-block-heading\"><\/h2>\n\n\n\n<div class=\"wp-block-columns is-layout-flex wp-container-core-columns-is-layout-9d6595d7 wp-block-columns-is-layout-flex\">\n<div class=\"wp-block-column is-layout-flow wp-block-column-is-layout-flow\" style=\"flex-basis:33.33%\"><\/div>\n\n\n\n<div class=\"wp-block-column is-layout-flow wp-block-column-is-layout-flow\" style=\"flex-basis:66.66%\"><\/div>\n<\/div>\n","protected":false},"excerpt":{"rendered":"<p>Jokainen saa osansa kuninkaallisesta kyll\u00e4isyydest\u00e4<\/p>\n","protected":false},"author":1,"featured_media":314,"parent":0,"menu_order":32,"comment_status":"closed","ping_status":"closed","template":"","meta":{"_acf_changed":false,"_seopress_robots_primary_cat":"","_seopress_titles_title":"Esittely. Purpur on \u00e0 la carte -ravintola P\u00e4rnussa","_seopress_titles_desc":"Purpur on viihtyis\u00e4 \u00e0 la carte -ravintola, joka sijaitsee meren rannalla P\u00e4rnun kylpyl\u00e4kaupungissa, Tervise Paradiisin nelj\u00e4n t\u00e4hden spa-hotellissa.","_seopress_robots_index":"","footnotes":""},"class_list":["post-356","page","type-page","status-publish","has-post-thumbnail","hentry"],"acf":[],"publishpress_future_action":{"enabled":false,"date":"2026-04-22 06:40:34","action":"change-status","newStatus":"draft","terms":[],"taxonomy":"translation_priority","extraData":[]},"publishpress_future_workflow_manual_trigger":{"enabledWorkflows":[]},"_links":{"self":[{"href":"https:\/\/restoranpurpur.ee\/fi\/wp-json\/wp\/v2\/pages\/356","targetHints":{"allow":["GET"]}}],"collection":[{"href":"https:\/\/restoranpurpur.ee\/fi\/wp-json\/wp\/v2\/pages"}],"about":[{"href":"https:\/\/restoranpurpur.ee\/fi\/wp-json\/wp\/v2\/types\/page"}],"author":[{"embeddable":true,"href":"https:\/\/restoranpurpur.ee\/fi\/wp-json\/wp\/v2\/users\/1"}],"replies":[{"embeddable":true,"href":"https:\/\/restoranpurpur.ee\/fi\/wp-json\/wp\/v2\/comments?post=356"}],"version-history":[{"count":12,"href":"https:\/\/restoranpurpur.ee\/fi\/wp-json\/wp\/v2\/pages\/356\/revisions"}],"predecessor-version":[{"id":1878,"href":"https:\/\/restoranpurpur.ee\/fi\/wp-json\/wp\/v2\/pages\/356\/revisions\/1878"}],"wp:featuredmedia":[{"embeddable":true,"href":"https:\/\/restoranpurpur.ee\/fi\/wp-json\/wp\/v2\/media\/314"}],"wp:attachment":[{"href":"https:\/\/restoranpurpur.ee\/fi\/wp-json\/wp\/v2\/media?parent=356"}],"curies":[{"name":"wp","href":"https:\/\/api.w.org\/{rel}","templated":true}]}}