{"id":341,"date":"2023-08-24T11:12:44","date_gmt":"2023-08-24T08:12:44","guid":{"rendered":"https:\/\/restoranpurpur.ee\/kinkekaart\/"},"modified":"2024-10-04T11:00:47","modified_gmt":"2024-10-04T08:00:47","slug":"davanu-karte","status":"publish","type":"page","link":"https:\/\/restoranpurpur.ee\/lv\/davanu-karte\/","title":{"rendered":"D\u0101vanu karte"},"content":{"rendered":"\n<h2 class=\"wp-block-heading\"><strong><strong><strong>Uzd\u0101vini kaut vai sev<\/strong><\/strong><\/strong><\/h2>\n\n\n\n<p>Vai mekl\u0113jat lielisku d\u0101vanu gard\u0113dim? M\u016bsu d\u0101vanu karte ir tie\u0161i tas, kas jums vajadz\u012bgs! D\u0101vanu karte ir ide\u0101ls veids d\u0101vin\u0101t tuviniekiem neaizmirstamu, gar\u0161as piedz\u012bvojumu un kulin\u0101ru baud\u012bjumu pilnu, vakaru.<\/p>\n\n\n\n<p>M\u016bsu d\u0101vanu kar\u0161u kl\u0101st\u0101 ir kartes ar da\u017e\u0101du v\u0113rt\u012bbu, lai j\u016bs var\u0113tu izv\u0113l\u0113ties tie\u0161i piem\u0113rotu d\u0101vanu. Tas padara d\u0101vin\u0101\u0161anu vienk\u0101r\u0161u un dod iesp\u0113ju izbaud\u012bt m\u016bsu restor\u0101na saisto\u0161o \u0113dienkarti un lielisko apkalpo\u0161anu. <\/p>\n\n\n\n<p>P\u0101rsteidziet tos, kas jums d\u0101rgi, ar m\u016bsu d\u0101vanu karti un padariet vi\u0146u dienu \u012bpa\u0161u.<\/p>\n\n\n\n<div style=\"height:1px\" aria-hidden=\"true\" class=\"wp-block-spacer\"><\/div>\n\n\n\n<div class=\"button-wrap right disable-drag has-animation animated\" data-delay=\"350\" style=\"opacity: 1; transform: translate3d(0px, 0px, 0px);\">\n<div class=\"icon-wrap\">\n<div class=\"button-icon\">\n<i class=\"fa fa-angle-right\"><\/i>\n<\/div>\n<\/div>\n<a target=\"_blank\" href=\"https:\/\/giftcard.terviseparadiis.ee\/\" rel=\"noopener\"><div class=\"button-text sticky right\"><span data-hover=\"D\u0101vanu karti var \u0113rti ieg\u0101d\u0101ties \u0161eit\">D\u0101vanu karti var \u0113rti ieg\u0101d\u0101ties \u0161eit<\/span><\/div><\/a> \n<\/div>\n","protected":false},"excerpt":{"rendered":"<p>Uzd\u0101vini kaut vai sev Vai mekl\u0113jat lielisku d\u0101vanu gard\u0113dim? M\u016bsu d\u0101vanu karte ir tie\u0161i tas, kas jums vajadz\u012bgs! D\u0101vanu karte ir ide\u0101ls veids d\u0101vin\u0101t tuviniekiem neaizmirstamu, gar\u0161as piedz\u012bvojumu un kulin\u0101ru baud\u012bjumu pilnu, vakaru. M\u016bsu d\u0101vanu kar\u0161u kl\u0101st\u0101 ir kartes ar da\u017e\u0101du v\u0113rt\u012bbu, lai j\u016bs var\u0113tu izv\u0113l\u0113ties tie\u0161i piem\u0113rotu d\u0101vanu. Tas padara d\u0101vin\u0101\u0161anu vienk\u0101r\u0161u un dod [&hellip;]<\/p>\n","protected":false},"author":1,"featured_media":285,"parent":0,"menu_order":14,"comment_status":"closed","ping_status":"closed","template":"","meta":{"_acf_changed":false,"_seopress_robots_primary_cat":"","_seopress_titles_title":"","_seopress_titles_desc":"","_seopress_robots_index":"","footnotes":""},"class_list":["post-341","page","type-page","status-publish","has-post-thumbnail","hentry"],"acf":[],"publishpress_future_action":{"enabled":false,"date":"2026-04-16 02:41:40","action":"change-status","newStatus":"draft","terms":[],"taxonomy":"translation_priority","extraData":[]},"publishpress_future_workflow_manual_trigger":{"enabledWorkflows":[]},"_links":{"self":[{"href":"https:\/\/restoranpurpur.ee\/lv\/wp-json\/wp\/v2\/pages\/341","targetHints":{"allow":["GET"]}}],"collection":[{"href":"https:\/\/restoranpurpur.ee\/lv\/wp-json\/wp\/v2\/pages"}],"about":[{"href":"https:\/\/restoranpurpur.ee\/lv\/wp-json\/wp\/v2\/types\/page"}],"author":[{"embeddable":true,"href":"https:\/\/restoranpurpur.ee\/lv\/wp-json\/wp\/v2\/users\/1"}],"replies":[{"embeddable":true,"href":"https:\/\/restoranpurpur.ee\/lv\/wp-json\/wp\/v2\/comments?post=341"}],"version-history":[{"count":4,"href":"https:\/\/restoranpurpur.ee\/lv\/wp-json\/wp\/v2\/pages\/341\/revisions"}],"predecessor-version":[{"id":820,"href":"https:\/\/restoranpurpur.ee\/lv\/wp-json\/wp\/v2\/pages\/341\/revisions\/820"}],"wp:featuredmedia":[{"embeddable":true,"href":"https:\/\/restoranpurpur.ee\/lv\/wp-json\/wp\/v2\/media\/285"}],"wp:attachment":[{"href":"https:\/\/restoranpurpur.ee\/lv\/wp-json\/wp\/v2\/media?parent=341"}],"curies":[{"name":"wp","href":"https:\/\/api.w.org\/{rel}","templated":true}]}}