{"id":349,"date":"2023-08-24T11:12:37","date_gmt":"2023-08-24T08:12:37","guid":{"rendered":"https:\/\/restoranpurpur.ee\/menuu\/"},"modified":"2026-03-25T10:03:22","modified_gmt":"2026-03-25T08:03:22","slug":"menuu","status":"publish","type":"page","link":"https:\/\/restoranpurpur.ee\/lv\/menuu\/","title":{"rendered":"\u0112dienkarte"},"content":{"rendered":"\n<h2 class=\"wp-block-heading\">Nosl\u012bp\u0113ta un pilnveidota \u0113dienkarte, kas gaida atkl\u0101\u0161anu un nom\u0113\u0123in\u0101\u0161anu<\/h2>\n\n\n\n<p><\/p>\n\n\n\n<div class=\"wp-block-columns is-layout-flex wp-container-core-columns-is-layout-9d6595d7 wp-block-columns-is-layout-flex\">\n<div class=\"wp-block-column is-layout-flow wp-block-column-is-layout-flow\" style=\"flex-basis:33.33%\"><\/div>\n\n\n\n<div class=\"wp-block-column is-layout-flow wp-block-column-is-layout-flow\" style=\"flex-basis:66.66%\">\n<p>M\u016bsu \u0161efpav\u0101res nosl\u012bp\u0113t\u0101 un pilnveidot\u0101 \u0113dienkarte gaida atkl\u0101\u0161anu un nom\u0113\u0123in\u0101\u0161anu.<\/p>\n\n\n\n<p>\u201ePurpur\u201c \u0113dienkarte ir daudzveid\u012bga un pied\u0101v\u0101 kaut ko katrai gaumei. Tas ir ce\u013cojums j\u016bsu gar\u0161as saj\u016bt\u0101m. Blakus katram \u0113dienam m\u0113s pasniedzam pieska\u0146otu dz\u0113rienu sortimentu, lai j\u016bsu gar\u0161as piedz\u012bvojums b\u016btu ide\u0101ls.<\/p>\n\n\n\n<p><strong>Tas ir ce\u013cojums gar\u0161u pasaul\u0113.<\/strong><\/p>\n\n\n\n<p>Restor\u0101na \u0161efpav\u0101re lielu uzman\u012bbu piev\u0113r\u0161 izejvielu svaigumam un kvalit\u0101tei. Vi\u0146a pie\u0161\u0137ir lielu noz\u012bmi t\u012brai gar\u0161ai un cen\u0161as izcelt izejvielu lab\u0101k\u0101s \u012bpa\u0161\u012bbas, vienlaikus saglab\u0101jot to dabisko raksturu. \u0160efpav\u0101re r\u016bp\u012bgi seko sezonas p\u0101rtikas produktiem un izmanto tos rado\u0161i, lai pied\u0101v\u0101tu unik\u0101lus gar\u0161as piedz\u012bvojumus.<\/p>\n<\/div>\n<\/div>\n\n\n\n<div style=\"height:100px\" aria-hidden=\"true\" class=\"wp-block-spacer\"><\/div>\n\n\n\n<figure class=\"wp-block-image size-full\"><img alt=\"\" decoding=\"async\" src=\"https:\/\/restoranpurpur.ee\/wp-content\/uploads\/2023\/08\/menyy-cover.jpg\" alt=\"\" class=\"wp-image-102\"\/><\/figure>\n","protected":false},"excerpt":{"rendered":"<p>Atkl\u0101jiet un baudiet<\/p>\n","protected":false},"author":1,"featured_media":300,"parent":0,"menu_order":20,"comment_status":"closed","ping_status":"closed","template":"template-menu.php","meta":{"_acf_changed":false,"_seopress_robots_primary_cat":"","_seopress_titles_title":"%%post_title%% %%sep%% %%sitetitle%%","_seopress_titles_desc":"M\u016bsu \u0161efpav\u0101res nosl\u012bp\u0113t\u0101 un pilnveidot\u0101 \u0113dienkarte gaida atkl\u0101\u0161anu un nom\u0113\u0123in\u0101\u0161anu.\r\n\r\n\u201ePurpur\u201c \u0113dienkarte ir daudzveid\u012bga un pied\u0101v\u0101 kaut ko katrai gaumei.","_seopress_robots_index":"","footnotes":""},"class_list":["post-349","page","type-page","status-publish","has-post-thumbnail","hentry"],"acf":[],"publishpress_future_action":{"enabled":false,"date":"2026-04-16 02:42:24","action":"change-status","newStatus":"draft","terms":[],"taxonomy":"translation_priority","extraData":[]},"publishpress_future_workflow_manual_trigger":{"enabledWorkflows":[]},"_links":{"self":[{"href":"https:\/\/restoranpurpur.ee\/lv\/wp-json\/wp\/v2\/pages\/349","targetHints":{"allow":["GET"]}}],"collection":[{"href":"https:\/\/restoranpurpur.ee\/lv\/wp-json\/wp\/v2\/pages"}],"about":[{"href":"https:\/\/restoranpurpur.ee\/lv\/wp-json\/wp\/v2\/types\/page"}],"author":[{"embeddable":true,"href":"https:\/\/restoranpurpur.ee\/lv\/wp-json\/wp\/v2\/users\/1"}],"replies":[{"embeddable":true,"href":"https:\/\/restoranpurpur.ee\/lv\/wp-json\/wp\/v2\/comments?post=349"}],"version-history":[{"count":16,"href":"https:\/\/restoranpurpur.ee\/lv\/wp-json\/wp\/v2\/pages\/349\/revisions"}],"predecessor-version":[{"id":2004,"href":"https:\/\/restoranpurpur.ee\/lv\/wp-json\/wp\/v2\/pages\/349\/revisions\/2004"}],"wp:featuredmedia":[{"embeddable":true,"href":"https:\/\/restoranpurpur.ee\/lv\/wp-json\/wp\/v2\/media\/300"}],"wp:attachment":[{"href":"https:\/\/restoranpurpur.ee\/lv\/wp-json\/wp\/v2\/media?parent=349"}],"curies":[{"name":"wp","href":"https:\/\/api.w.org\/{rel}","templated":true}]}}