{"id":357,"date":"2023-08-24T11:12:23","date_gmt":"2023-08-24T08:12:23","guid":{"rendered":"https:\/\/restoranpurpur.ee\/tutvustus\/"},"modified":"2026-03-25T10:04:37","modified_gmt":"2026-03-25T08:04:37","slug":"purpur","status":"publish","type":"page","link":"https:\/\/restoranpurpur.ee\/lv\/purpur\/","title":{"rendered":"Purpur"},"content":{"rendered":"\n<h2 class=\"wp-block-heading\"><strong>Purpurs ir karaliska kr\u0101sa.<br>T\u0101 ir varas, p\u0101rpiln\u012bbas un dekadences kr\u0101sa. <\/strong><br><strong>T\u0101 ir ga\u013cas un v\u012bna kr\u0101sa.<\/strong><\/h2>\n\n\n\n<div class=\"wp-block-columns is-layout-flex wp-container-core-columns-is-layout-9d6595d7 wp-block-columns-is-layout-flex\">\n<div class=\"wp-block-column is-layout-flow wp-block-column-is-layout-flow\" style=\"flex-basis:33.33%\"><\/div>\n\n\n\n<div class=\"wp-block-column is-layout-flow wp-block-column-is-layout-flow\" style=\"flex-basis:66.66%\">\n<p>\u201ePurpur\u201c ir m\u0101j\u012bgs <em>\u00e0 la carte<\/em> restor\u0101ns, kas atrodas burv\u012bg\u0101 piej\u016bras k\u016brortpils\u0113t\u0101 P\u0113rnav\u0101, 4 zvaig\u017e\u0146u viesn\u012bc\u0101 Tervise Paradiis. Restor\u0101ns sniedz apmekl\u0113t\u0101jiem \u012bpa\u0161u kulin\u0101ro pieredzi un neaizmirstamu gar\u0161as baud\u012bjumu.<\/p>\n\n\n\n<p>\u201ePurpur\u201c &nbsp;m\u0101j\u012bg\u0101 un stil\u012bg\u0101 atmosf\u0113ra, k\u0101 ar\u012b P\u0113rnavas neapstr\u012bdami lab\u0101kais skats uz j\u016bru rada pat\u012bkamu gaisotni romantisk\u0101m vakari\u0146\u0101m vai jautrai laika pavad\u012b\u0161anai kop\u0101 ar draugiem. Vasaras period\u0101 restor\u0101n\u0101 ir atv\u0113rta \u0101ra terase, no kuras var baud\u012bt skatu uz j\u016bru un liegos vasaras vakarus. <\/p>\n\n\n\n<p>Restor\u0101na profesion\u0101l\u0101 apkalpo\u0161ana un augst\u0101 kvalit\u0101te ir padar\u012bjusi to par P\u0113rnav\u0101 nov\u0113rt\u0113tu restor\u0101nu. Restor\u0101ns ir uz\u0146\u0113mis gan viet\u0113jus, gan ar\u012b starptautiskus viesus un ir sa\u0146\u0113mis daudz atzin\u012bbas gan par \u0113dienu, gan apkalpo\u0161anu. <\/p>\n\n\n\n<p>Restor\u0101ns var uz\u0146emt 50 viesus.<\/p>\n\n\n\n<div>\n<div class=\"button-wrap right disable-drag has-animation\" data-delay=\"350\">\n<div class=\"icon-wrap \">\n<div class=\"button-icon \">\n<i class=\"fa fa-angle-right\"><\/i>\n<\/div>\n<\/div>\n<a href=\"https:\/\/restoranpurpur.ee\/lv\/menuu\/\"><div class=\"button-text sticky right\"><span data-hover=\"Skat\u012bt \u0113dienkarti\">Skat\u012bt \u0113dienkarti<\/span><\/div><\/a> \n<\/div>                                 \n<\/div>\n<\/div>\n<\/div>\n\n\n\n<div style=\"height:100px\" aria-hidden=\"true\" class=\"wp-block-spacer\"><\/div>\n\n\n\n<figure class=\"wp-block-image size-full\"><img alt=\"\" decoding=\"async\" src=\"http:\/\/restoranpurpur.ee\/wp-content\/uploads\/2023\/08\/Purpur.jpg\" alt=\"\" class=\"wp-image-60\" style=\"object-fit:cover\"\/><\/figure>\n\n\n\n<div style=\"height:100px\" aria-hidden=\"true\" class=\"wp-block-spacer\"><\/div>\n\n\n\n<h2 class=\"wp-block-heading\"><\/h2>\n\n\n\n<div class=\"wp-block-columns is-layout-flex wp-container-core-columns-is-layout-9d6595d7 wp-block-columns-is-layout-flex\">\n<div class=\"wp-block-column is-layout-flow wp-block-column-is-layout-flow\" style=\"flex-basis:33.33%\"><\/div>\n\n\n\n<div class=\"wp-block-column is-layout-flow wp-block-column-is-layout-flow\" style=\"flex-basis:66.66%\"><\/div>\n<\/div>\n","protected":false},"excerpt":{"rendered":"<p>Ikviens sa\u0146ems karalisku p\u0101rpiln\u012bbu<\/p>\n","protected":false},"author":1,"featured_media":315,"parent":0,"menu_order":32,"comment_status":"closed","ping_status":"closed","template":"","meta":{"_acf_changed":false,"_seopress_robots_primary_cat":"","_seopress_titles_title":"Purpur \u00e0 la carte restor\u0101ns","_seopress_titles_desc":"\u201ePurpur\u201c ir m\u0101j\u012bgs \u00e0 la carte restor\u0101ns, kas atrodas burv\u012bg\u0101 piej\u016bras k\u016brortpils\u0113t\u0101 P\u0113rnav\u0101, 4 zvaig\u017e\u0146u viesn\u012bc\u0101 Tervise Paradiis.","_seopress_robots_index":"","_seopress_analysis_target_kw":"purpur","footnotes":""},"class_list":["post-357","page","type-page","status-publish","has-post-thumbnail","hentry"],"acf":[],"publishpress_future_action":{"enabled":false,"date":"2026-05-23 08:03:22","action":"change-status","newStatus":"draft","terms":[],"taxonomy":"translation_priority","extraData":[]},"publishpress_future_workflow_manual_trigger":{"enabledWorkflows":[]},"_links":{"self":[{"href":"https:\/\/restoranpurpur.ee\/lv\/wp-json\/wp\/v2\/pages\/357","targetHints":{"allow":["GET"]}}],"collection":[{"href":"https:\/\/restoranpurpur.ee\/lv\/wp-json\/wp\/v2\/pages"}],"about":[{"href":"https:\/\/restoranpurpur.ee\/lv\/wp-json\/wp\/v2\/types\/page"}],"author":[{"embeddable":true,"href":"https:\/\/restoranpurpur.ee\/lv\/wp-json\/wp\/v2\/users\/1"}],"replies":[{"embeddable":true,"href":"https:\/\/restoranpurpur.ee\/lv\/wp-json\/wp\/v2\/comments?post=357"}],"version-history":[{"count":10,"href":"https:\/\/restoranpurpur.ee\/lv\/wp-json\/wp\/v2\/pages\/357\/revisions"}],"predecessor-version":[{"id":2006,"href":"https:\/\/restoranpurpur.ee\/lv\/wp-json\/wp\/v2\/pages\/357\/revisions\/2006"}],"wp:featuredmedia":[{"embeddable":true,"href":"https:\/\/restoranpurpur.ee\/lv\/wp-json\/wp\/v2\/media\/315"}],"wp:attachment":[{"href":"https:\/\/restoranpurpur.ee\/lv\/wp-json\/wp\/v2\/media?parent=357"}],"curies":[{"name":"wp","href":"https:\/\/api.w.org\/{rel}","templated":true}]}}