{"id":343,"date":"2023-08-24T11:12:44","date_gmt":"2023-08-24T08:12:44","guid":{"rendered":"https:\/\/restoranpurpur.ee\/kinkekaart\/"},"modified":"2026-03-25T09:58:37","modified_gmt":"2026-03-25T07:58:37","slug":"kinkekaart","status":"publish","type":"page","link":"https:\/\/restoranpurpur.ee\/sv\/kinkekaart\/","title":{"rendered":"Presentkort"},"content":{"rendered":"\n<h2 class=\"wp-block-heading\"><strong><strong><strong>\u00c4ven till dig sj\u00e4lv<\/strong><\/strong><\/strong><\/h2>\n\n\n\n<p>Letar du efter den perfekta presenten till en finsmakare? V\u00e5rt presentkort \u00e4r precis vad du beh\u00f6ver! Med presentkortet kan du bjuda dina n\u00e4ra och k\u00e4ra p\u00e5 en minnesv\u00e4rd kv\u00e4ll full av smakupplevelser och kulinarisk njutning.<\/p>\n\n\n\n<p>Vi har presentkort med olika v\u00e4rde, s\u00e5 att du kan v\u00e4lja den present som passar just dig. Det g\u00f6r presentvalet enkelt och erbjuder en m\u00f6jlighet att njuta av v\u00e5r restaurangs sp\u00e4nnande meny och utm\u00e4rkta service.<\/p>\n\n\n\n<p>\u00d6verraska dina n\u00e4ra och k\u00e4ra med v\u00e5rt presentkort och g\u00f6r deras dag speciell.<\/p>\n\n\n\n<div style=\"height:1px\" aria-hidden=\"true\" class=\"wp-block-spacer\"><\/div>\n\n\n\n<div class=\"button-wrap right disable-drag has-animation animated\" data-delay=\"350\" style=\"opacity: 1; transform: translate3d(0px, 0px, 0px);\">\n<div class=\"icon-wrap\">\n<div class=\"button-icon\">\n<i class=\"fa fa-angle-right\"><\/i>\n<\/div>\n<\/div>\n<a target=\"_blank\" href=\"https:\/\/giftcard.terviseparadiis.ee\/\" rel=\"noopener\"><div class=\"button-text sticky right\"><span data-hover=\"Du kan enkelt k\u00f6pa ett presentkort h\u00e4r\">Du kan enkelt k\u00f6pa ett presentkort h\u00e4r<\/span><\/div><\/a> \n<\/div>\n","protected":false},"excerpt":{"rendered":"<p>\u00c4ven till dig sj\u00e4lv Letar du efter den perfekta presenten till en finsmakare? V\u00e5rt presentkort \u00e4r precis vad du beh\u00f6ver! Med presentkortet kan du bjuda dina n\u00e4ra och k\u00e4ra p\u00e5 en minnesv\u00e4rd kv\u00e4ll full av smakupplevelser och kulinarisk njutning. Vi har presentkort med olika v\u00e4rde, s\u00e5 att du kan v\u00e4lja den present som passar just [&hellip;]<\/p>\n","protected":false},"author":1,"featured_media":287,"parent":0,"menu_order":14,"comment_status":"closed","ping_status":"closed","template":"","meta":{"_acf_changed":false,"_seopress_robots_primary_cat":"","_seopress_titles_title":"%%post_title%% %%sep%% %%sitetitle%%","_seopress_titles_desc":"Vi har presentkort med olika v\u00e4rde, s\u00e5 att du kan v\u00e4lja den present som passar just dig.","_seopress_robots_index":"","footnotes":""},"class_list":["post-343","page","type-page","status-publish","has-post-thumbnail","hentry"],"acf":[],"publishpress_future_action":{"enabled":false,"date":"2026-04-16 03:00:38","action":"change-status","newStatus":"draft","terms":[],"taxonomy":"translation_priority","extraData":[]},"publishpress_future_workflow_manual_trigger":{"enabledWorkflows":[]},"_links":{"self":[{"href":"https:\/\/restoranpurpur.ee\/sv\/wp-json\/wp\/v2\/pages\/343","targetHints":{"allow":["GET"]}}],"collection":[{"href":"https:\/\/restoranpurpur.ee\/sv\/wp-json\/wp\/v2\/pages"}],"about":[{"href":"https:\/\/restoranpurpur.ee\/sv\/wp-json\/wp\/v2\/types\/page"}],"author":[{"embeddable":true,"href":"https:\/\/restoranpurpur.ee\/sv\/wp-json\/wp\/v2\/users\/1"}],"replies":[{"embeddable":true,"href":"https:\/\/restoranpurpur.ee\/sv\/wp-json\/wp\/v2\/comments?post=343"}],"version-history":[{"count":5,"href":"https:\/\/restoranpurpur.ee\/sv\/wp-json\/wp\/v2\/pages\/343\/revisions"}],"predecessor-version":[{"id":1997,"href":"https:\/\/restoranpurpur.ee\/sv\/wp-json\/wp\/v2\/pages\/343\/revisions\/1997"}],"wp:featuredmedia":[{"embeddable":true,"href":"https:\/\/restoranpurpur.ee\/sv\/wp-json\/wp\/v2\/media\/287"}],"wp:attachment":[{"href":"https:\/\/restoranpurpur.ee\/sv\/wp-json\/wp\/v2\/media?parent=343"}],"curies":[{"name":"wp","href":"https:\/\/api.w.org\/{rel}","templated":true}]}}