{"id":347,"date":"2023-08-24T11:12:51","date_gmt":"2023-08-24T08:12:51","guid":{"rendered":"https:\/\/restoranpurpur.ee\/kontakt\/"},"modified":"2026-02-04T22:40:01","modified_gmt":"2026-02-04T20:40:01","slug":"kontaktid","status":"publish","type":"page","link":"https:\/\/restoranpurpur.ee\/sv\/kontaktid\/","title":{"rendered":"Kontakt"},"content":{"rendered":"","protected":false},"excerpt":{"rendered":"","protected":false},"author":1,"featured_media":297,"parent":0,"menu_order":15,"comment_status":"closed","ping_status":"closed","template":"","meta":{"_acf_changed":false,"_seopress_robots_primary_cat":"","_seopress_titles_title":"Kontakt - Side 14, P\u00e4rnu. Tervise Paradiisi 2.korrusel","_seopress_titles_desc":"Restoran Purpuri leiate P\u00e4rnust, mere\u00e4\u00e4rse spaa-hotelli - Tervise Paradiisi - 2. korruselt. Laua saab borneerida aadressil purpur@spa.ee.","_seopress_robots_index":"","footnotes":""},"class_list":["post-347","page","type-page","status-publish","has-post-thumbnail","hentry"],"acf":[],"publishpress_future_action":{"enabled":false,"date":"2026-04-16 04:39:05","action":"change-status","newStatus":"draft","terms":[],"taxonomy":"translation_priority","extraData":[]},"publishpress_future_workflow_manual_trigger":{"enabledWorkflows":[]},"_links":{"self":[{"href":"https:\/\/restoranpurpur.ee\/sv\/wp-json\/wp\/v2\/pages\/347","targetHints":{"allow":["GET"]}}],"collection":[{"href":"https:\/\/restoranpurpur.ee\/sv\/wp-json\/wp\/v2\/pages"}],"about":[{"href":"https:\/\/restoranpurpur.ee\/sv\/wp-json\/wp\/v2\/types\/page"}],"author":[{"embeddable":true,"href":"https:\/\/restoranpurpur.ee\/sv\/wp-json\/wp\/v2\/users\/1"}],"replies":[{"embeddable":true,"href":"https:\/\/restoranpurpur.ee\/sv\/wp-json\/wp\/v2\/comments?post=347"}],"version-history":[{"count":3,"href":"https:\/\/restoranpurpur.ee\/sv\/wp-json\/wp\/v2\/pages\/347\/revisions"}],"predecessor-version":[{"id":685,"href":"https:\/\/restoranpurpur.ee\/sv\/wp-json\/wp\/v2\/pages\/347\/revisions\/685"}],"wp:featuredmedia":[{"embeddable":true,"href":"https:\/\/restoranpurpur.ee\/sv\/wp-json\/wp\/v2\/media\/297"}],"wp:attachment":[{"href":"https:\/\/restoranpurpur.ee\/sv\/wp-json\/wp\/v2\/media?parent=347"}],"curies":[{"name":"wp","href":"https:\/\/api.w.org\/{rel}","templated":true}]}}