{"id":351,"date":"2023-08-24T11:12:37","date_gmt":"2023-08-24T08:12:37","guid":{"rendered":"https:\/\/restoranpurpur.ee\/menuu\/"},"modified":"2026-03-25T09:57:58","modified_gmt":"2026-03-25T07:57:58","slug":"menuu","status":"publish","type":"page","link":"https:\/\/restoranpurpur.ee\/sv\/menuu\/","title":{"rendered":"Meny"},"content":{"rendered":"\n<h2 class=\"wp-block-heading\">En ny f\u00f6rb\u00e4ttrad meny som v\u00e4ntar p\u00e5 att bli uppt\u00e4ckt<\/h2>\n\n\n\n<div class=\"wp-block-columns is-layout-flex wp-container-core-columns-is-layout-9d6595d7 wp-block-columns-is-layout-flex\">\n<div class=\"wp-block-column is-layout-flow wp-block-column-is-layout-flow\" style=\"flex-basis:33.33%\"><\/div>\n\n\n\n<div class=\"wp-block-column is-layout-flow wp-block-column-is-layout-flow\" style=\"flex-basis:66.66%\">\n<p>En ny f\u00f6rb\u00e4ttrad meny, full\u00e4ndad av v\u00e5r chefskock, v\u00e4ntar p\u00e5 att bli uppt\u00e4ckt.<br>Purpurs meny \u00e4r m\u00e5ngsidig, med n\u00e5got f\u00f6r varje smak. Den tar dina smakl\u00f6kar till en riktig uppt\u00e4cktsf\u00e4rd. Till varje r\u00e4tt serverar vi ett harmonierande urval av drycker f\u00f6r att g\u00f6ra matupplevelsen fullkomlig.<\/p>\n\n\n\n<p>Den tar dina smakl\u00f6kar p\u00e5 en riktig uppt\u00e4cktsf\u00e4rd. <\/p>\n\n\n\n<p>Restaurangens chefskock l\u00e4gger stor vikt vid f\u00e4rska r\u00e5varor av h\u00f6gsta kvalitet. Hon efterstr\u00e4var rena smaker och f\u00f6rs\u00f6ker f\u00e5 fram de b\u00e4sta egenskaperna hos varje r\u00e5vara samtidigt som dess naturliga karakt\u00e4r bevaras. Chefskock \u00e4r noggrann med att v\u00e4lja r\u00e5varorna efter s\u00e4song och anv\u00e4nder dem p\u00e5 ett kreativt s\u00e4tt f\u00f6r att kunna erbjuda unika smakupplevelser.<\/p>\n<\/div>\n<\/div>\n\n\n\n<div style=\"height:100px\" aria-hidden=\"true\" class=\"wp-block-spacer\"><\/div>\n\n\n\n<figure class=\"wp-block-image size-full\"><img alt=\"\" decoding=\"async\" src=\"https:\/\/restoranpurpur.ee\/wp-content\/uploads\/2023\/08\/menyy-cover.jpg\" alt=\"\" class=\"wp-image-102\"\/><\/figure>\n","protected":false},"excerpt":{"rendered":"<p>Uppt\u00e4ck och njut<\/p>\n","protected":false},"author":1,"featured_media":302,"parent":0,"menu_order":20,"comment_status":"closed","ping_status":"closed","template":"template-menu.php","meta":{"_acf_changed":false,"_seopress_robots_primary_cat":"","_seopress_titles_title":"%%post_title%% %%sep%% %%sitetitle%%","_seopress_titles_desc":"Purpurs meny \u00e4r m\u00e5ngsidig, med n\u00e5got f\u00f6r varje smak. Den tar dina smakl\u00f6kar till en riktig uppt\u00e4cktsf\u00e4rd.","_seopress_robots_index":"","footnotes":""},"class_list":["post-351","page","type-page","status-publish","has-post-thumbnail","hentry"],"acf":[],"publishpress_future_action":{"enabled":false,"date":"2026-04-16 02:53:10","action":"change-status","newStatus":"draft","terms":[],"taxonomy":"translation_priority","extraData":[]},"publishpress_future_workflow_manual_trigger":{"enabledWorkflows":[]},"_links":{"self":[{"href":"https:\/\/restoranpurpur.ee\/sv\/wp-json\/wp\/v2\/pages\/351","targetHints":{"allow":["GET"]}}],"collection":[{"href":"https:\/\/restoranpurpur.ee\/sv\/wp-json\/wp\/v2\/pages"}],"about":[{"href":"https:\/\/restoranpurpur.ee\/sv\/wp-json\/wp\/v2\/types\/page"}],"author":[{"embeddable":true,"href":"https:\/\/restoranpurpur.ee\/sv\/wp-json\/wp\/v2\/users\/1"}],"replies":[{"embeddable":true,"href":"https:\/\/restoranpurpur.ee\/sv\/wp-json\/wp\/v2\/comments?post=351"}],"version-history":[{"count":11,"href":"https:\/\/restoranpurpur.ee\/sv\/wp-json\/wp\/v2\/pages\/351\/revisions"}],"predecessor-version":[{"id":1996,"href":"https:\/\/restoranpurpur.ee\/sv\/wp-json\/wp\/v2\/pages\/351\/revisions\/1996"}],"wp:featuredmedia":[{"embeddable":true,"href":"https:\/\/restoranpurpur.ee\/sv\/wp-json\/wp\/v2\/media\/302"}],"wp:attachment":[{"href":"https:\/\/restoranpurpur.ee\/sv\/wp-json\/wp\/v2\/media?parent=351"}],"curies":[{"name":"wp","href":"https:\/\/api.w.org\/{rel}","templated":true}]}}