{"id":359,"date":"2023-08-24T11:12:23","date_gmt":"2023-08-24T08:12:23","guid":{"rendered":"https:\/\/restoranpurpur.ee\/tutvustus\/"},"modified":"2026-03-25T09:57:12","modified_gmt":"2026-03-25T07:57:12","slug":"tutvustus","status":"publish","type":"page","link":"https:\/\/restoranpurpur.ee\/sv\/tutvustus\/","title":{"rendered":"Purpur"},"content":{"rendered":"\n<h2 class=\"wp-block-heading\"><strong>Purpur \u00e4r en kunglig f\u00e4rg.<\/strong> <br><strong>Det \u00e4r maktens, \u00f6verd\u00e5dets och dekadensens f\u00e4rg. <\/strong><br><strong>Det \u00e4r k\u00f6ttets och vinets f\u00e4rg.<\/strong><\/h2>\n\n\n\n<div class=\"wp-block-columns is-layout-flex wp-container-core-columns-is-layout-9d6595d7 wp-block-columns-is-layout-flex\">\n<div class=\"wp-block-column is-layout-flow wp-block-column-is-layout-flow\" style=\"flex-basis:33.33%\"><\/div>\n\n\n\n<div class=\"wp-block-column is-layout-flow wp-block-column-is-layout-flow\" style=\"flex-basis:66.66%\">\n<p>Purpur \u00e4r en mysig \u00e0 la carte restaurang i den underbara badorten P\u00e4rnu, p\u00e5 det 4-stj\u00e4rniga spahotellet Tervise Paradiis. Restaurangen erbjuder sina g\u00e4ster en kulinarisk upplevelse ut\u00f6ver det vanliga, med of\u00f6rgl\u00f6mliga smaker. <\/p>\n\n\n\n<p>Purpurs mysiga och eleganta atmosf\u00e4r, med tvekl\u00f6st den b\u00e4sta havsutsikten i P\u00e4rnu, skapar en trevlig milj\u00f6 f\u00f6r romantiska middagar eller festligt samkv\u00e4m med v\u00e4nner. Under sommars\u00e4songen \u00f6ppnar restaurangen en utomhusterrass f\u00f6r avnjutning av havsutsikten och sk\u00f6na sommarkv\u00e4llar.<\/p>\n\n\n\n<p>Restaurangens proffsiga service och h\u00f6ga kvalitet har gjort den till en h\u00f6gt uppskattad restaurang i P\u00e4rnu. Restaurangen har tagit emot b\u00e5de lokala och internationella g\u00e4ster och f\u00e5tt mycket ber\u00f6m f\u00f6r b\u00e5de maten och servicen. <\/p>\n\n\n\n<p>Restaurangen har bordsplatser f\u00f6r 50 g\u00e4ster.<\/p>\n\n\n\n<div>\n<div class=\"button-wrap right disable-drag has-animation\" data-delay=\"350\">\n<div class=\"icon-wrap \">\n<div class=\"button-icon \">\n<i class=\"fa fa-angle-right\"><\/i>\n<\/div>\n<\/div>\n<a href=\"https:\/\/restoranpurpur.ee\/sv\/menuu\/\"><div class=\"button-text sticky right\"><span data-hover=\"Se menyn\">Se menyn<\/span><\/div><\/a> \n<\/div>                                 \n<\/div>\n<\/div>\n<\/div>\n\n\n\n<div style=\"height:100px\" aria-hidden=\"true\" class=\"wp-block-spacer\"><\/div>\n\n\n\n<figure class=\"wp-block-image size-full\"><img alt=\"\" decoding=\"async\" src=\"http:\/\/restoranpurpur.ee\/wp-content\/uploads\/2023\/08\/Purpur.jpg\" alt=\"\" class=\"wp-image-60\" style=\"object-fit:cover\"\/><\/figure>\n\n\n\n<div style=\"height:100px\" aria-hidden=\"true\" class=\"wp-block-spacer\"><\/div>\n\n\n\n<h2 class=\"wp-block-heading\"><\/h2>\n\n\n\n<div class=\"wp-block-columns is-layout-flex wp-container-core-columns-is-layout-9d6595d7 wp-block-columns-is-layout-flex\">\n<div class=\"wp-block-column is-layout-flow wp-block-column-is-layout-flow\" style=\"flex-basis:33.33%\"><\/div>\n\n\n\n<div class=\"wp-block-column is-layout-flow wp-block-column-is-layout-flow\" style=\"flex-basis:66.66%\"><\/div>\n<\/div>\n","protected":false},"excerpt":{"rendered":"<p>Kungligt \u00f6verd\u00e5d f\u00f6r alla<\/p>\n","protected":false},"author":1,"featured_media":317,"parent":0,"menu_order":32,"comment_status":"closed","ping_status":"closed","template":"","meta":{"_acf_changed":false,"_seopress_robots_primary_cat":"","_seopress_titles_title":"%%post_title%%","_seopress_titles_desc":"Purpur \u00e4r en mysig \u00e0 la carte restaurang i den underbara badorten P\u00e4rnu, p\u00e5 det 4-stj\u00e4rniga spahotellet Tervise Paradiis.","_seopress_robots_index":"","footnotes":""},"class_list":["post-359","page","type-page","status-publish","has-post-thumbnail","hentry"],"acf":[],"publishpress_future_action":{"enabled":false,"date":"2026-04-22 06:58:54","action":"change-status","newStatus":"draft","terms":[],"taxonomy":"translation_priority","extraData":[]},"publishpress_future_workflow_manual_trigger":{"enabledWorkflows":[]},"_links":{"self":[{"href":"https:\/\/restoranpurpur.ee\/sv\/wp-json\/wp\/v2\/pages\/359","targetHints":{"allow":["GET"]}}],"collection":[{"href":"https:\/\/restoranpurpur.ee\/sv\/wp-json\/wp\/v2\/pages"}],"about":[{"href":"https:\/\/restoranpurpur.ee\/sv\/wp-json\/wp\/v2\/types\/page"}],"author":[{"embeddable":true,"href":"https:\/\/restoranpurpur.ee\/sv\/wp-json\/wp\/v2\/users\/1"}],"replies":[{"embeddable":true,"href":"https:\/\/restoranpurpur.ee\/sv\/wp-json\/wp\/v2\/comments?post=359"}],"version-history":[{"count":10,"href":"https:\/\/restoranpurpur.ee\/sv\/wp-json\/wp\/v2\/pages\/359\/revisions"}],"predecessor-version":[{"id":1995,"href":"https:\/\/restoranpurpur.ee\/sv\/wp-json\/wp\/v2\/pages\/359\/revisions\/1995"}],"wp:featuredmedia":[{"embeddable":true,"href":"https:\/\/restoranpurpur.ee\/sv\/wp-json\/wp\/v2\/media\/317"}],"wp:attachment":[{"href":"https:\/\/restoranpurpur.ee\/sv\/wp-json\/wp\/v2\/media?parent=359"}],"curies":[{"name":"wp","href":"https:\/\/api.w.org\/{rel}","templated":true}]}}